{"id":19706,"date":"2020-10-02T12:12:12","date_gmt":"2020-10-02T12:12:12","guid":{"rendered":"https:\/\/spaessentiel.ca\/face-care\/"},"modified":"2026-03-31T00:20:48","modified_gmt":"2026-03-31T00:20:48","slug":"face-care","status":"publish","type":"page","link":"https:\/\/spaessentiel.ca\/fr\/face-care\/","title":{"rendered":"Face Care"},"content":{"rendered":"\t\t<div data-elementor-type=\"wp-page\" data-elementor-id=\"19706\" class=\"elementor elementor-19706\">\n\t\t\t\t\t\t<section class=\"elementor-section elementor-top-section elementor-element elementor-element-c2a57c4 elementor-section-full_width qodef-elementor-content-grid elementor-section-height-default elementor-section-height-default\" data-id=\"c2a57c4\" data-element_type=\"section\">\n\t\t\t\t\t\t<div class=\"elementor-container elementor-column-gap-no\">\n\t\t\t\t\t<div class=\"elementor-column elementor-col-100 elementor-top-column elementor-element elementor-element-51c46f8\" data-id=\"51c46f8\" data-element_type=\"column\">\n\t\t\t<div class=\"elementor-widget-wrap elementor-element-populated\">\n\t\t\t\t\t\t<div class=\"elementor-element elementor-element-2e3e4b7 elementor-widget-mobile__width-inherit elementor-widget elementor-widget-reina_core_section_title\" data-id=\"2e3e4b7\" data-element_type=\"widget\" data-widget_type=\"reina_core_section_title.default\">\n\t\t\t\t<div class=\"elementor-widget-container\">\n\t\t\t\t\t<div class=\"qodef-shortcode qodef-m  qodef-section-title  \">\n\t<div class=\"qodef-m-heading\">\n\t\t\t\t\t<h2 class=\"qodef-m-title\" >\n\t\t\t\t\tNos traitements vous feront vous sentir bien !\t\t\t<\/h2>\n\t<\/div>\n\t\t<p class=\"qodef-m-text\" style=\"margin-top: 17px;color: #000000\">Tous nos soins sont sp\u00e9cialement con\u00e7us pour r\u00e9pondre \u00e0 vos besoins et cibler les zones sensibles. Vous pouvez partager ces services avec vos amis ou les membres de votre famille en leur offrant une carte-cadeau.<\/p>\n\t<\/div>\t\t\t\t<\/div>\n\t\t\t\t<\/div>\n\t\t\t\t<div class=\"elementor-element elementor-element-23ebaec elementor-widget elementor-widget-reina_core_button\" data-id=\"23ebaec\" data-element_type=\"widget\" data-widget_type=\"reina_core_button.default\">\n\t\t\t\t<div class=\"elementor-widget-container\">\n\t\t\t\t\t<a class=\"qodef-shortcode qodef-m  qodef-button qodef-layout--filled  qodef-html--link\" href=\"http:\/\/www.secure-booker.com\/spamunari\/MakeAppointment\/Search.aspx\" target=\"_self\"  >\n\t<span class=\"qodef-m-text\">Prendre rendez-vous<\/span>\n\t<span class=\"qodef-m-background\" ><\/span>\n<\/a>\n\t\t\t\t<\/div>\n\t\t\t\t<\/div>\n\t\t\t\t\t<\/div>\n\t\t<\/div>\n\t\t\t\t\t<\/div>\n\t\t<\/section>\n\t\t\t\t<section class=\"elementor-section elementor-top-section elementor-element elementor-element-8075a90 qodef-elementor-content-grid elementor-section-boxed elementor-section-height-default elementor-section-height-default\" data-id=\"8075a90\" data-element_type=\"section\" data-settings=\"{&quot;background_background&quot;:&quot;classic&quot;}\">\n\t\t\t\t\t\t<div class=\"elementor-container elementor-column-gap-default\">\n\t\t\t\t\t<div class=\"elementor-column elementor-col-100 elementor-top-column elementor-element elementor-element-b84932b\" data-id=\"b84932b\" data-element_type=\"column\">\n\t\t\t<div class=\"elementor-widget-wrap elementor-element-populated\">\n\t\t\t\t\t\t<section class=\"elementor-section elementor-inner-section elementor-element elementor-element-30f3e23 elementor-section-boxed elementor-section-height-default elementor-section-height-default qodef-elementor-content-no\" data-id=\"30f3e23\" data-element_type=\"section\" data-settings=\"{&quot;background_background&quot;:&quot;classic&quot;}\">\n\t\t\t\t\t\t\t<div class=\"elementor-background-overlay\"><\/div>\n\t\t\t\t\t\t\t<div class=\"elementor-container elementor-column-gap-default\">\n\t\t\t\t\t<div class=\"elementor-column elementor-col-50 elementor-inner-column elementor-element elementor-element-8e78bc1\" data-id=\"8e78bc1\" data-element_type=\"column\">\n\t\t\t<div class=\"elementor-widget-wrap elementor-element-populated\">\n\t\t\t\t\t\t<div class=\"elementor-element elementor-element-42d7c90 elementor-widget elementor-widget-reina_core_section_title\" data-id=\"42d7c90\" data-element_type=\"widget\" data-widget_type=\"reina_core_section_title.default\">\n\t\t\t\t<div class=\"elementor-widget-container\">\n\t\t\t\t\t<div class=\"qodef-shortcode qodef-m  qodef-section-title  \">\n\t<div class=\"qodef-m-heading\">\n\t\t\t\t\t<h3 class=\"qodef-m-title\" style=\"color: #FFFFFF\">\n\t\t\t\t\tSoins du visage\t\t\t<\/h3>\n\t<\/div>\n\t\t<\/div>\t\t\t\t<\/div>\n\t\t\t\t<\/div>\n\t\t\t\t<div class=\"elementor-element elementor-element-3291a67 elementor-widget elementor-widget-text-editor\" data-id=\"3291a67\" data-element_type=\"widget\" data-widget_type=\"text-editor.default\">\n\t\t\t\t<div class=\"elementor-widget-container\">\n\t\t\t\t\t\t\t\t\t<p>Chaque soin du visage est accompagn\u00e9 d&rsquo;une \u00e9valuation personnalis\u00e9e afin de d\u00e9terminer le traitement le mieux adapt\u00e9 \u00e0 votre peau. Nos sp\u00e9cialistes sont ainsi en mesure d&rsquo;\u00e9valuer votre peau et de discuter de vos souhaits et de vos pr\u00e9occupations.<\/p>\t\t\t\t\t\t\t\t<\/div>\n\t\t\t\t<\/div>\n\t\t\t\t\t<\/div>\n\t\t<\/div>\n\t\t\t\t<div class=\"elementor-column elementor-col-50 elementor-inner-column elementor-element elementor-element-4e93b1e\" data-id=\"4e93b1e\" data-element_type=\"column\">\n\t\t\t<div class=\"elementor-widget-wrap\">\n\t\t\t\t\t\t\t<\/div>\n\t\t<\/div>\n\t\t\t\t\t<\/div>\n\t\t<\/section>\n\t\t\t\t\t<\/div>\n\t\t<\/div>\n\t\t\t\t\t<\/div>\n\t\t<\/section>\n\t\t<div class=\"elementor-element elementor-element-193b076 e-flex e-con-boxed e-con e-parent\" data-id=\"193b076\" data-element_type=\"container\">\n\t\t\t\t\t<div class=\"e-con-inner\">\n\t\t\t\t<div class=\"elementor-element elementor-element-5b84f6f elementor-widget elementor-widget-reina_core_section_title\" data-id=\"5b84f6f\" data-element_type=\"widget\" data-widget_type=\"reina_core_section_title.default\">\n\t\t\t\t<div class=\"elementor-widget-container\">\n\t\t\t\t\t<div class=\"qodef-shortcode qodef-m  qodef-section-title  \">\n\t<div class=\"qodef-m-heading\">\n\t\t\t\t\t<\/div>\n\t\t<p class=\"qodef-m-text\" style=\"color: #000000\">*Tous les temps indiqu\u00e9s comprennent le remplissage du formulaire de sant\u00e9, les consultations et la prescription de produits personnalis\u00e9s.<\/p>\n\t<\/div>\t\t\t\t<\/div>\n\t\t\t\t<\/div>\n\t\t\t\t\t<\/div>\n\t\t\t\t<\/div>\n\t\t\t\t<section class=\"elementor-section elementor-top-section elementor-element elementor-element-ff317bc qodef-elementor-content-grid elementor-section-full_width elementor-section-height-default elementor-section-height-default\" data-id=\"ff317bc\" data-element_type=\"section\" data-settings=\"{&quot;background_background&quot;:&quot;classic&quot;}\">\n\t\t\t\t\t\t\t<div class=\"elementor-background-overlay\"><\/div>\n\t\t\t\t\t\t\t<div class=\"elementor-container elementor-column-gap-no\">\n\t\t\t\t\t<div class=\"elementor-column elementor-col-50 elementor-top-column elementor-element elementor-element-4db6bb6\" data-id=\"4db6bb6\" data-element_type=\"column\">\n\t\t\t<div class=\"elementor-widget-wrap elementor-element-populated\">\n\t\t\t\t\t\t<div class=\"elementor-element elementor-element-61419cd5 text-black-final elementor-widget elementor-widget-reina_core_pricing_list\" data-id=\"61419cd5\" data-element_type=\"widget\" data-widget_type=\"reina_core_pricing_list.default\">\n\t\t\t\t<div class=\"elementor-widget-container\">\n\t\t\t\t\t<div class=\"qodef-shortcode qodef-m  qodef-pricing-list \">\n\t<div class=\"qodef-m-items\">\n\t\t\t\t\t<div class=\"qodef-m-item qodef-e\">\n\t\t\t\t\t\t\t\t\t\t\t\t<div class=\"qodef-e-content\">\n\t\t\t\t\t<div class=\"qodef-e-heading\">\n\t\t\t\t\t\t\t<h5 class=\"qodef-e-title\">Botinol<\/h5>\n\t\t\t\t\t\t\t<span class=\"qodef-e-line\"><\/span>\n\t<span class=\"qodef-e-price\">\n\t\t\t\t\t<span class=\"qodef-e-price-label\">105 min<\/span>\n\t\t\t\t<span class=\"qodef-e-price-value\">$175<\/span>\n\t<\/span>\n\t\t\t\t\t<\/div>\n\t\t\t\t\t\t<p class=\"qodef-e-text\">Ce traitement innovant associe cinq peptides au r\u00e9tinol pour masquer les signes du vieillissement.<\/p>\n\t\t\t\t<\/div>\n\t\t\t<\/div>\n\t\t\t\t\t<div class=\"qodef-m-item qodef-e\">\n\t\t\t\t\t\t\t\t\t\t\t\t<div class=\"qodef-e-content\">\n\t\t\t\t\t<div class=\"qodef-e-heading\">\n\t\t\t\t\t\t\t<h5 class=\"qodef-e-title\">Collag\u00e8ne 90 II<\/h5>\n\t\t\t\t\t\t\t<span class=\"qodef-e-line\"><\/span>\n\t<span class=\"qodef-e-price\">\n\t\t\t\t\t<span class=\"qodef-e-price-label\">105 min<\/span>\n\t\t\t\t<span class=\"qodef-e-price-value\">$160<\/span>\n\t<\/span>\n\t\t\t\t\t<\/div>\n\t\t\t\t\t\t<p class=\"qodef-e-text\">Un traitement anti-\u00e2ge intensif qui hydrate, rajeunit, resserre et reconfigure la surface de la peau pour r\u00e9duire les signes visibles du vieillissement sans aucune proc\u00e9dure invasive.<\/p>\n\t\t\t\t<\/div>\n\t\t\t<\/div>\n\t\t\t\t\t<div class=\"qodef-m-item qodef-e\">\n\t\t\t\t\t\t\t\t\t\t\t\t<div class=\"qodef-e-content\">\n\t\t\t\t\t<div class=\"qodef-e-heading\">\n\t\t\t\t\t\t\t<h5 class=\"qodef-e-title\">Microdermabrasion<\/h5>\n\t\t\t\t\t\t\t<span class=\"qodef-e-line\"><\/span>\n\t<span class=\"qodef-e-price\">\n\t\t\t\t\t<span class=\"qodef-e-price-label\">60 min<\/span>\n\t\t\t\t<span class=\"qodef-e-price-value\">$125<\/span>\n\t<\/span>\n\t\t\t\t\t<\/div>\n\t\t\t\t\t\t<p class=\"qodef-e-text\">Traitement de resurfa\u00e7age qui r\u00e9duit visiblement l&#039;apparence des rides et ridules, des pores dilat\u00e9s, des cicatrices d&#039;acn\u00e9 et de la pigmentation in\u00e9gale.<\/p>\n\t\t\t\t<\/div>\n\t\t\t<\/div>\n\t\t\t\t\t<div class=\"qodef-m-item qodef-e\">\n\t\t\t\t\t\t\t\t\t\t\t\t<div class=\"qodef-e-content\">\n\t\t\t\t\t<div class=\"qodef-e-heading\">\n\t\t\t\t\t\t\t<h5 class=\"qodef-e-title\">Microdermabrasion et soin du visage<\/h5>\n\t\t\t\t\t\t\t<span class=\"qodef-e-line\"><\/span>\n\t<span class=\"qodef-e-price\">\n\t\t\t\t\t<span class=\"qodef-e-price-label\">120 min<\/span>\n\t\t\t\t<span class=\"qodef-e-price-value\">$195<\/span>\n\t<\/span>\n\t\t\t\t\t<\/div>\n\t\t\t\t\t\t<p class=\"qodef-e-text\">Traitement de resurfa\u00e7age qui r\u00e9duit visiblement l&#039;apparence des rides et ridules, des pores dilat\u00e9s, des cicatrices d&#039;acn\u00e9 et de la pigmentation in\u00e9gale, combin\u00e9 \u00e0 un soin du visage.<\/p>\n\t\t\t\t<\/div>\n\t\t\t<\/div>\n\t\t\t\t\t<div class=\"qodef-m-item qodef-e\">\n\t\t\t\t\t\t\t\t\t\t\t\t<div class=\"qodef-e-content\">\n\t\t\t\t\t<div class=\"qodef-e-heading\">\n\t\t\t\t\t\t\t<h5 class=\"qodef-e-title\">Soin du visage Essential Lift<\/h5>\n\t\t\t\t\t\t\t<span class=\"qodef-e-line\"><\/span>\n\t<span class=\"qodef-e-price\">\n\t\t\t\t\t<span class=\"qodef-e-price-label\">120 min<\/span>\n\t\t\t\t<span class=\"qodef-e-price-value\">$195<\/span>\n\t<\/span>\n\t\t\t\t\t<\/div>\n\t\t\t\t\t\t<p class=\"qodef-e-text\">Electrostimulation tones and lifts facial muscles, reducing fine lines and boosting circulation.\nWhen added to a facial, it enhances cleansing, exfoliating, and hydrating for a more youthful and\nradiant complexion<\/p>\n\t\t\t\t<\/div>\n\t\t\t<\/div>\n\t\t\t\t\t<div class=\"qodef-m-item qodef-e\">\n\t\t\t\t\t\t\t\t\t\t\t\t<div class=\"qodef-e-content\">\n\t\t\t\t\t<div class=\"qodef-e-heading\">\n\t\t\t\t\t\t\t<h5 class=\"qodef-e-title\">Lift Essentiel<\/h5>\n\t\t\t\t\t\t\t<span class=\"qodef-e-line\"><\/span>\n\t<span class=\"qodef-e-price\">\n\t\t\t\t\t<span class=\"qodef-e-price-label\">60 min<\/span>\n\t\t\t\t<span class=\"qodef-e-price-value\">$100<\/span>\n\t<\/span>\n\t\t\t\t\t<\/div>\n\t\t\t\t\t\t<p class=\"qodef-e-text\">L&#039;\u00e9lectrostimulation tonifie et lifte les muscles du visage, r\u00e9duit les ridules et stimule la circulation,\nam\u00e9liorant la fermet\u00e9 et l&#039;\u00e9clat de votre teint.<\/p>\n\t\t\t\t<\/div>\n\t\t\t<\/div>\n\t\t\t\t\t<div class=\"qodef-m-item qodef-e\">\n\t\t\t\t\t\t\t\t\t\t\t\t<div class=\"qodef-e-content\">\n\t\t\t\t\t<div class=\"qodef-e-heading\">\n\t\t\t\t\t\t\t<h5 class=\"qodef-e-title\">Soin du visage Essential Glow<\/h5>\n\t\t\t\t\t\t\t<span class=\"qodef-e-line\"><\/span>\n\t<span class=\"qodef-e-price\">\n\t\t\t\t\t<span class=\"qodef-e-price-label\">75 min<\/span>\n\t\t\t\t<span class=\"qodef-e-price-value\">$130<\/span>\n\t<\/span>\n\t\t\t\t\t<\/div>\n\t\t\t\t\t\t<p class=\"qodef-e-text\">Notre soin du visage Essential Glow, qui a fait sa renomm\u00e9e, associe le meilleur de la relaxation \u00e0 la technologie la plus r\u00e9cente. Appr\u00e9ciez un soin du visage \u00e0 base d&#039;huiles essentielles suivi d&#039;une s\u00e9ance de luminoth\u00e9rapie personnalis\u00e9e. D\u00e9tendez-vous et relaxez-vous tout en stimulant votre peau pour qu&#039;elle atteigne l&#039;\u00e9clat parfait !<\/p>\n\t\t\t\t<\/div>\n\t\t\t<\/div>\n\t\t\t<\/div>\n<\/div>\n\t\t\t\t<\/div>\n\t\t\t\t<\/div>\n\t\t\t\t\t<\/div>\n\t\t<\/div>\n\t\t\t\t<div class=\"elementor-column elementor-col-50 elementor-top-column elementor-element elementor-element-3d506eb3\" data-id=\"3d506eb3\" data-element_type=\"column\">\n\t\t\t<div class=\"elementor-widget-wrap elementor-element-populated\">\n\t\t\t\t\t\t<div class=\"elementor-element elementor-element-76313b26 text-black-final elementor-widget elementor-widget-reina_core_pricing_list\" data-id=\"76313b26\" data-element_type=\"widget\" data-widget_type=\"reina_core_pricing_list.default\">\n\t\t\t\t<div class=\"elementor-widget-container\">\n\t\t\t\t\t<div class=\"qodef-shortcode qodef-m  qodef-pricing-list \">\n\t<div class=\"qodef-m-items\">\n\t\t\t\t\t<div class=\"qodef-m-item qodef-e\">\n\t\t\t\t\t\t\t\t\t\t\t\t<div class=\"qodef-e-content\">\n\t\t\t\t\t<div class=\"qodef-e-heading\">\n\t\t\t\t\t\t\t<h5 class=\"qodef-e-title\">Hydrolifting<\/h5>\n\t\t\t\t\t\t\t<span class=\"qodef-e-line\"><\/span>\n\t<span class=\"qodef-e-price\">\n\t\t\t\t\t<span class=\"qodef-e-price-label\">90 min<\/span>\n\t\t\t\t<span class=\"qodef-e-price-value\">$130<\/span>\n\t<\/span>\n\t\t\t\t\t<\/div>\n\t\t\t\t\t\t<p class=\"qodef-e-text\">Un traitement en quatre actions formul\u00e9 pour exfolier, r\u00e9hydrater en profondeur, restaurer, lifter et raffermir la peau pour un \u00e9clat instantan\u00e9 et un teint am\u00e9lior\u00e9.<\/p>\n\t\t\t\t<\/div>\n\t\t\t<\/div>\n\t\t\t\t\t<div class=\"qodef-m-item qodef-e\">\n\t\t\t\t\t\t\t\t\t\t\t\t<div class=\"qodef-e-content\">\n\t\t\t\t\t<div class=\"qodef-e-heading\">\n\t\t\t\t\t\t\t<h5 class=\"qodef-e-title\">VitaminC<\/h5>\n\t\t\t\t\t\t\t<span class=\"qodef-e-line\"><\/span>\n\t<span class=\"qodef-e-price\">\n\t\t\t\t\t<span class=\"qodef-e-price-label\">90 min<\/span>\n\t\t\t\t<span class=\"qodef-e-price-value\">$130<\/span>\n\t<\/span>\n\t\t\t\t\t<\/div>\n\t\t\t\t\t\t<p class=\"qodef-e-text\">Un traitement antioxydant puissant qui r\u00e9duit l&#039;apparence des rides et ridules, unifie le teint et illumine la peau, lui redonnant l&#039;\u00e9clat de la jeunesse.<\/p>\n\t\t\t\t<\/div>\n\t\t\t<\/div>\n\t\t\t\t\t<div class=\"qodef-m-item qodef-e\">\n\t\t\t\t\t\t\t\t\t\t\t\t<div class=\"qodef-e-content\">\n\t\t\t\t\t<div class=\"qodef-e-heading\">\n\t\t\t\t\t\t\t<h5 class=\"qodef-e-title\">Nettoyage en profondeur europ\u00e9en<\/h5>\n\t\t\t\t\t\t\t<span class=\"qodef-e-line\"><\/span>\n\t<span class=\"qodef-e-price\">\n\t\t\t\t\t<span class=\"qodef-e-price-label\">90 min<\/span>\n\t\t\t\t<span class=\"qodef-e-price-value\">$115<\/span>\n\t<\/span>\n\t\t\t\t\t<\/div>\n\t\t\t\t\t\t<p class=\"qodef-e-text\">Un soin du visage qui nettoie les pores en profondeur, restaure et d\u00e9tend, y compris la mise en forme des sourcils.<\/p>\n\t\t\t\t<\/div>\n\t\t\t<\/div>\n\t\t\t\t\t<div class=\"qodef-m-item qodef-e\">\n\t\t\t\t\t\t\t\t\t\t\t\t<div class=\"qodef-e-content\">\n\t\t\t\t\t<div class=\"qodef-e-heading\">\n\t\t\t\t\t\t\t<h5 class=\"qodef-e-title\">Soin du visage oxyg\u00e9nant<\/h5>\n\t\t\t\t\t\t\t<span class=\"qodef-e-line\"><\/span>\n\t<span class=\"qodef-e-price\">\n\t\t\t\t\t<span class=\"qodef-e-price-label\">75 min<\/span>\n\t\t\t\t<span class=\"qodef-e-price-value\">$115<\/span>\n\t<\/span>\n\t\t\t\t\t<\/div>\n\t\t\t\t\t\t<p class=\"qodef-e-text\">Un traitement formul\u00e9 pour d\u00e9congestionner la peau, d\u00e9toxifier et revitaliser les peaux fatigu\u00e9es, stress\u00e9es et ternes.<\/p>\n\t\t\t\t<\/div>\n\t\t\t<\/div>\n\t\t\t\t\t<div class=\"qodef-m-item qodef-e\">\n\t\t\t\t\t\t\t\t\t\t\t\t<div class=\"qodef-e-content\">\n\t\t\t\t\t<div class=\"qodef-e-heading\">\n\t\t\t\t\t\t\t<h5 class=\"qodef-e-title\">Nettoyage en profondeur pour messieurs<\/h5>\n\t\t\t\t\t\t\t<span class=\"qodef-e-line\"><\/span>\n\t<span class=\"qodef-e-price\">\n\t\t\t\t\t<span class=\"qodef-e-price-label\">75 min<\/span>\n\t\t\t\t<span class=\"qodef-e-price-value\">$115<\/span>\n\t<\/span>\n\t\t\t\t\t<\/div>\n\t\t\t\t\t\t<p class=\"qodef-e-text\">Un soin du visage qui nettoie les pores en profondeur, restaure et d\u00e9tend.<\/p>\n\t\t\t\t<\/div>\n\t\t\t<\/div>\n\t\t\t\t\t<div class=\"qodef-m-item qodef-e\">\n\t\t\t\t\t\t\t\t\t\t\t\t<div class=\"qodef-e-content\">\n\t\t\t\t\t<div class=\"qodef-e-heading\">\n\t\t\t\t\t\t\t<h5 class=\"qodef-e-title\">Pause Beaut\u00e9<\/h5>\n\t\t\t\t\t\t\t<span class=\"qodef-e-line\"><\/span>\n\t<span class=\"qodef-e-price\">\n\t\t\t\t\t<span class=\"qodef-e-price-label\">60 min<\/span>\n\t\t\t\t<span class=\"qodef-e-price-value\">$95<\/span>\n\t<\/span>\n\t\t\t\t\t<\/div>\n\t\t\t\t\t\t<p class=\"qodef-e-text\">Un soin du visage express pour redonner de l&#039;\u00e9clat \u00e0 votre peau, sans extractions ni mise en forme des sourcils.<\/p>\n\t\t\t\t<\/div>\n\t\t\t<\/div>\n\t\t\t\t\t<div class=\"qodef-m-item qodef-e\">\n\t\t\t\t\t\t\t\t\t\t\t\t<div class=\"qodef-e-content\">\n\t\t\t\t\t<div class=\"qodef-e-heading\">\n\t\t\t\t\t\t\t<h5 class=\"qodef-e-title\">Nettoyage en profondeur pour adolescents<\/h5>\n\t\t\t\t\t\t\t<span class=\"qodef-e-line\"><\/span>\n\t<span class=\"qodef-e-price\">\n\t\t\t\t\t<span class=\"qodef-e-price-label\">60 min<\/span>\n\t\t\t\t<span class=\"qodef-e-price-value\">$90<\/span>\n\t<\/span>\n\t\t\t\t\t<\/div>\n\t\t\t\t\t\t<p class=\"qodef-e-text\">Ce soin du visage est con\u00e7u pour r\u00e9guler les peaux d\u00e9s\u00e9quilibr\u00e9es.<\/p>\n\t\t\t\t<\/div>\n\t\t\t<\/div>\n\t\t\t<\/div>\n<\/div>\n\t\t\t\t<\/div>\n\t\t\t\t<\/div>\n\t\t\t\t\t<\/div>\n\t\t<\/div>\n\t\t\t\t\t<\/div>\n\t\t<\/section>\n\t\t<div class=\"elementor-element elementor-element-b0e4acc e-flex e-con-boxed e-con e-parent\" data-id=\"b0e4acc\" data-element_type=\"container\">\n\t\t\t\t\t<div class=\"e-con-inner\">\n\t\t\t\t<div class=\"elementor-element elementor-element-84d3227 elementor-widget elementor-widget-reina_core_button\" data-id=\"84d3227\" data-element_type=\"widget\" data-widget_type=\"reina_core_button.default\">\n\t\t\t\t<div class=\"elementor-widget-container\">\n\t\t\t\t\t<a class=\"qodef-shortcode qodef-m  qodef-button qodef-layout--filled  qodef-html--link\" href=\"http:\/\/www.secure-booker.com\/spamunari\/MakeAppointment\/Search.aspx\" target=\"_self\"  >\n\t<span class=\"qodef-m-text\">Prenez rendez-vous<\/span>\n\t<span class=\"qodef-m-background\" ><\/span>\n<\/a>\n\t\t\t\t<\/div>\n\t\t\t\t<\/div>\n\t\t\t\t\t<\/div>\n\t\t\t\t<\/div>\n\t\t<div class=\"elementor-element elementor-element-d660a00 e-flex e-con-boxed e-con e-parent\" data-id=\"d660a00\" data-element_type=\"container\">\n\t\t\t\t\t<div class=\"e-con-inner\">\n\t\t\t\t<div class=\"elementor-element elementor-element-81543d3 elementor-widget__width-initial elementor-widget-tablet__width-initial elementor-widget elementor-widget-reina_core_section_title\" data-id=\"81543d3\" data-element_type=\"widget\" data-widget_type=\"reina_core_section_title.default\">\n\t\t\t\t<div class=\"elementor-widget-container\">\n\t\t\t\t\t<div class=\"qodef-shortcode qodef-m  qodef-section-title  qodef-alignment--center\">\n\t<div class=\"qodef-m-heading\">\n\t\t\t\t\t<h2 class=\"qodef-m-title\" >\n\t\t\t\t\tNos Marques\t\t\t<\/h2>\n\t<\/div>\n\t\t<p class=\"qodef-m-text\" style=\"margin-top: 17px;color: #000000\">Nous ne travaillons qu&#039;avec des marques reconnues auxquelles vous pouvez faire confiance de la t\u00eate aux pieds.<\/p>\n\t<\/div>\t\t\t\t<\/div>\n\t\t\t\t<\/div>\n\t\t\t\t<div class=\"elementor-element elementor-element-236392e elementor-arrows-position-inside elementor-pagination-position-outside elementor-widget elementor-widget-image-carousel\" data-id=\"236392e\" data-element_type=\"widget\" data-settings=\"{&quot;slides_to_show&quot;:&quot;4&quot;,&quot;navigation&quot;:&quot;both&quot;,&quot;autoplay&quot;:&quot;yes&quot;,&quot;pause_on_hover&quot;:&quot;yes&quot;,&quot;pause_on_interaction&quot;:&quot;yes&quot;,&quot;autoplay_speed&quot;:5000,&quot;infinite&quot;:&quot;yes&quot;,&quot;speed&quot;:500}\" data-widget_type=\"image-carousel.default\">\n\t\t\t\t<div class=\"elementor-widget-container\">\n\t\t\t\t\t\t\t<div class=\"elementor-image-carousel-wrapper swiper\" role=\"region\" aria-roledescription=\"carousel\" aria-label=\"Image Carousel\" dir=\"ltr\">\n\t\t\t<div class=\"elementor-image-carousel swiper-wrapper\" aria-live=\"off\">\n\t\t\t\t\t\t\t\t<div class=\"swiper-slide\" role=\"group\" aria-roledescription=\"slide\" aria-label=\"1 sur 6\"><figure class=\"swiper-slide-inner\"><img decoding=\"async\" class=\"swiper-slide-image\" src=\"https:\/\/spaessentiel.ca\/wp-content\/uploads\/2025\/02\/logo-kami-150x150.png\" alt=\"logo-kami\" \/><\/figure><\/div><div class=\"swiper-slide\" role=\"group\" aria-roledescription=\"slide\" aria-label=\"2 sur 6\"><figure class=\"swiper-slide-inner\"><img decoding=\"async\" class=\"swiper-slide-image\" src=\"https:\/\/spaessentiel.ca\/wp-content\/uploads\/2025\/02\/logo-invisibobble-150x150.png\" alt=\"logo-invisibobble\" \/><\/figure><\/div><div class=\"swiper-slide\" role=\"group\" aria-roledescription=\"slide\" aria-label=\"3 sur 6\"><figure class=\"swiper-slide-inner\"><img decoding=\"async\" class=\"swiper-slide-image\" src=\"https:\/\/spaessentiel.ca\/wp-content\/uploads\/2025\/02\/logo-cnd-150x150.png\" alt=\"logo-cnd\" \/><\/figure><\/div><div class=\"swiper-slide\" role=\"group\" aria-roledescription=\"slide\" aria-label=\"4 sur 6\"><figure class=\"swiper-slide-inner\"><img decoding=\"async\" class=\"swiper-slide-image\" src=\"https:\/\/spaessentiel.ca\/wp-content\/uploads\/2025\/02\/logo-lalicious-150x150.png\" alt=\"logo-lalicious\" \/><\/figure><\/div><div class=\"swiper-slide\" role=\"group\" aria-roledescription=\"slide\" aria-label=\"5 sur 6\"><figure class=\"swiper-slide-inner\"><img decoding=\"async\" class=\"swiper-slide-image\" src=\"https:\/\/spaessentiel.ca\/wp-content\/uploads\/2025\/02\/logo-nuface-150x150.png\" alt=\"logo-nuface\" \/><\/figure><\/div><div class=\"swiper-slide\" role=\"group\" aria-roledescription=\"slide\" aria-label=\"6 sur 6\"><figure class=\"swiper-slide-inner\"><img decoding=\"async\" class=\"swiper-slide-image\" src=\"https:\/\/spaessentiel.ca\/wp-content\/uploads\/2025\/02\/logo-gehwol-150x150.png\" alt=\"logo-gehwol\" \/><\/figure><\/div>\t\t\t<\/div>\n\t\t\t\t\t\t\t\t\t\t\t\t<div class=\"elementor-swiper-button elementor-swiper-button-prev\" role=\"button\" tabindex=\"0\">\n\t\t\t\t\t\t<svg aria-hidden=\"true\" class=\"e-font-icon-svg e-eicon-chevron-left\" viewBox=\"0 0 1000 1000\" xmlns=\"http:\/\/www.w3.org\/2000\/svg\"><path d=\"M646 125C629 125 613 133 604 142L308 442C296 454 292 471 292 487 292 504 296 521 308 533L604 854C617 867 629 875 646 875 663 875 679 871 692 858 704 846 713 829 713 812 713 796 708 779 692 767L438 487 692 225C700 217 708 204 708 187 708 171 704 154 692 142 675 129 663 125 646 125Z\"><\/path><\/svg>\t\t\t\t\t<\/div>\n\t\t\t\t\t<div class=\"elementor-swiper-button elementor-swiper-button-next\" role=\"button\" tabindex=\"0\">\n\t\t\t\t\t\t<svg aria-hidden=\"true\" class=\"e-font-icon-svg e-eicon-chevron-right\" viewBox=\"0 0 1000 1000\" xmlns=\"http:\/\/www.w3.org\/2000\/svg\"><path d=\"M696 533C708 521 713 504 713 487 713 471 708 454 696 446L400 146C388 133 375 125 354 125 338 125 325 129 313 142 300 154 292 171 292 187 292 204 296 221 308 233L563 492 304 771C292 783 288 800 288 817 288 833 296 850 308 863 321 871 338 875 354 875 371 875 388 867 400 854L696 533Z\"><\/path><\/svg>\t\t\t\t\t<\/div>\n\t\t\t\t\n\t\t\t\t\t\t\t\t\t<div class=\"swiper-pagination\"><\/div>\n\t\t\t\t\t\t\t\t\t<\/div>\n\t\t\t\t\t\t<\/div>\n\t\t\t\t<\/div>\n\t\t\t\t\t<\/div>\n\t\t\t\t<\/div>\n\t\t\t\t<\/div>\n\t\t","protected":false},"excerpt":{"rendered":"<p>Nos traitements vous feront vous sentir bien ! Tous nos soins sont sp\u00e9cialement con\u00e7us pour r\u00e9pondre \u00e0 vos besoins et cibler les zones sensibles. Vous pouvez partager ces services avec vos amis ou les membres de votre famille en leur offrant une carte-cadeau. Prendre rendez-vous Soins du visage Chaque soin du visage est accompagn\u00e9 d&rsquo;une [&hellip;]<\/p>\n","protected":false},"author":3,"featured_media":0,"parent":0,"menu_order":0,"comment_status":"closed","ping_status":"closed","template":"page-full-width.php","meta":{"footnotes":""},"class_list":["post-19706","page","type-page","status-publish","hentry"],"_links":{"self":[{"href":"https:\/\/spaessentiel.ca\/fr\/wp-json\/wp\/v2\/pages\/19706","targetHints":{"allow":["GET"]}}],"collection":[{"href":"https:\/\/spaessentiel.ca\/fr\/wp-json\/wp\/v2\/pages"}],"about":[{"href":"https:\/\/spaessentiel.ca\/fr\/wp-json\/wp\/v2\/types\/page"}],"author":[{"embeddable":true,"href":"https:\/\/spaessentiel.ca\/fr\/wp-json\/wp\/v2\/users\/3"}],"replies":[{"embeddable":true,"href":"https:\/\/spaessentiel.ca\/fr\/wp-json\/wp\/v2\/comments?post=19706"}],"version-history":[{"count":10,"href":"https:\/\/spaessentiel.ca\/fr\/wp-json\/wp\/v2\/pages\/19706\/revisions"}],"predecessor-version":[{"id":20054,"href":"https:\/\/spaessentiel.ca\/fr\/wp-json\/wp\/v2\/pages\/19706\/revisions\/20054"}],"wp:attachment":[{"href":"https:\/\/spaessentiel.ca\/fr\/wp-json\/wp\/v2\/media?parent=19706"}],"curies":[{"name":"wp","href":"https:\/\/api.w.org\/{rel}","templated":true}]}}